{"id":19727,"date":"2024-07-04T19:20:35","date_gmt":"2024-07-04T17:20:35","guid":{"rendered":"https:\/\/sklep.nowyork.pl\/?post_type=product&#038;p=19727"},"modified":"2024-07-04T19:21:19","modified_gmt":"2024-07-04T17:21:19","slug":"amelum-mieszanka-olejkow-eterycznych-tea-tree-10-ml","status":"publish","type":"product","link":"https:\/\/sklep.nowyork.pl\/index.php\/produkt\/amelum-mieszanka-olejkow-eterycznych-tea-tree-10-ml\/","title":{"rendered":"AMELUM MIESZANKA OLEJK\u00d3W ETERYCZNYCH TEA TREE, 10 ML"},"content":{"rendered":"<p><a name=\"_Hlk157593512\"><\/a><b>Mieszanka olejk\u00f3w eterycznych<\/b><\/p>\n<p>&nbsp;<\/p>\n<p><b>\u00a0<\/b><\/p>\n<p>&nbsp;<\/p>\n<p><b>Amelum<\/b>\u00a0\u2013 wyj\u0105tkowe produkty do aromaterapii dla rodziny i domu, charakteryzuj\u0105ce si\u0119 wysok\u0105 jako\u015bci\u0105 i ekskluzywnymi kompozycjami zapachowymi.<\/p>\n<p>&nbsp;<\/p>\n<p>Ma\u0142a butelka\u00a0<b>olejku z drzewa herbacianego<\/b>\u00a0ma du\u017c\u0105 moc.\u00a0Zielny aromat tego olejku eterycznego znany jest ze swojej zdolno\u015bci do poprawiania nastroju i wyostrzania umys\u0142u.<span style=\"font-family: Calibri;\">\u00a0Niezale\u017cnie od tego, czy odczuwasz niepok\u00f3j, napi\u0119cie w ciele czy umy\u015ble, nasz olejek eteryczny z drzewa herbacianego mo\u017ce pom\u00f3c z\u0142agodzi\u0107 te uczucia.<\/span><\/p>\n<p>&nbsp;<\/p>\n<p>&nbsp;<\/p>\n<p>&nbsp;<\/p>\n<p>Olejek eteryczny z drzewa herbacianego mo\u017ce by\u0107 r\u00f3wnie\u017c przydatny w walce ze z\u0142ym snem lub skrajnym zm\u0119czeniem.<\/p>\n<p>&nbsp;<\/p>\n<p>&nbsp;<\/p>\n<p>&nbsp;<\/p>\n<p>&nbsp;<\/p>\n<p>&nbsp;<\/p>\n<p>&nbsp;<\/p>\n<p>&nbsp;<\/p>\n<p><b>Opis aromatu:<\/b>\u00a0\u015bwie\u017cy, trawiasty, drzewny.<\/p>\n<p>&nbsp;<\/p>\n<p>&nbsp;<\/p>\n<p>&nbsp;<\/p>\n<p>&nbsp;<\/p>\n<p>&nbsp;<\/p>\n<p><b>\u00a0<\/b><\/p>\n<p>&nbsp;<\/p>\n<p><b>Jakie w\u0142a\u015bciwo\u015bci maj\u0105 olejki eteryczne Amelum?<\/b>\u00a0S\u0105 w 100% czyste i naturalne. Pomagaj\u0105 zaspokoi\u0107 r\u00f3\u017cne potrzeby: dla odporno\u015bci, dla poprawy nastroju, dla relaksu lub, przeciwnie, dla uj\u0119drnienia.<\/p>\n<p>&nbsp;<\/p>\n<p>Sk\u0142adaj\u0105 si\u0119 ze starannie wyselekcjonowanych produkt\u00f3w najwy\u017cszej jako\u015bci. Bez syntetycznych aromat\u00f3w, ani dodatk\u00f3w.<\/p>\n<p>&nbsp;<\/p>\n<p>&nbsp;<\/p>\n<p>&nbsp;<\/p>\n<p><b>R\u00f3\u017cne sposoby wykorzystania olejk\u00f3w eterycznych:<\/b><\/p>\n<p>&nbsp;<\/p>\n<p>&#8211; Jednym z najprostszych sposob\u00f3w wykorzystania dobrodziejstw olejk\u00f3w eterycznych jest ich odparowanie w dyfuzorze.\u00a0Dyfuzor olejk\u00f3w eterycznych rozprowadza aromat w powietrzu.<\/p>\n<p>&nbsp;<\/p>\n<p>&#8211; Zastosowanie miejscowe &#8211; odpowiednio rozcie\u0144czone olejkiem no\u015bnym zwi\u0105zki olejk\u00f3w eterycznych mog\u0105 by\u0107 wch\u0142aniane tak\u017ce bezpo\u015brednio przez sk\u00f3r\u0119.\u00a0Dostaj\u0105 si\u0119 do krwioobiegu, gdzie mog\u0105 mie\u0107 r\u00f3\u017cne skutki (w zale\u017cno\u015bci od oleju).\u00a0Przed na\u0142o\u017ceniem na sk\u00f3r\u0119 nale\u017cy rozcie\u0144czy\u0107 olejki eteryczne olejem no\u015bnikowym, np. takim jak olej kokosowy.\u00a0Generalnie zalecamy nast\u0119puj\u0105ce proporcje rozcie\u0144czenia, ale mog\u0105 si\u0119 one r\u00f3\u017cni\u0107 w zale\u017cno\u015bci od naturalnego sk\u0142adu olejku: 3-5% do stosowania na cia\u0142o \u2013 dodaj \u0142\u0105cznie 10-15 kropli olejku na \u0142y\u017ck\u0119 olejku no\u015bnego, aby unikn\u0105\u0107 podra\u017cnie\u0144\u00a0podra\u017cnienie.<\/p>\n<p>&nbsp;<\/p>\n<p>&#8211; W Twoim otoczeniu &#8211; naturalne w\u0142a\u015bciwo\u015bci olejk\u00f3w eterycznych sprawiaj\u0105, \u017ce okre\u015blone olejki s\u0105 przydatne jako \u015brodki odstraszaj\u0105ce owady, naturalne domowe \u015brodki czyszcz\u0105ce, oczyszczacze powietrza itp.<\/p>\n<p>&nbsp;<\/p>\n<p>&nbsp;<\/p>\n<p>&nbsp;<\/p>\n<p>Butelka z olejkiem eterycznym z zakraplaczem &#8211; dla wygodnego dozowania. Opakowanie chroni produkt przed bezpo\u015brednim dzia\u0142aniem promieni s\u0142onecznych. Pojemno\u015b\u0107 10 ml.<\/p>\n<p>&nbsp;<\/p>\n<p>&nbsp;<\/p>\n<p>&nbsp;<\/p>\n<p><a name=\"_Hlk157593597\"><\/a><b>Spos\u00f3b u\u017cycia:<\/b>\u00a0mo\u017cna doda\u0107 3-5 kropli olejku eterycznego do dyfuzora do aromaterapii o pojemno\u015bci 100 ml pojemnika na wod\u0119. Idealny r\u00f3wnie\u017c do k\u0105pieli. Aby przygotowa\u0107 domowy spray zapachowy, dodaj 20 kropli do 150 ml pojemnika z wod\u0105.<\/p>\n<p>&nbsp;<\/p>\n<p>&nbsp;<\/p>\n<p>&nbsp;<\/p>\n<p><b>Przechowywanie:<\/b>\u00a0szczelnie zamkni\u0119te, w dobrze wentylowanym pomieszczeniu, z dala od bezpo\u015bredniego \u015bwiat\u0142a s\u0142onecznego, w temperaturze nie wy\u017cszej ni\u017c +25 \u2070C.<\/p>\n<p>&nbsp;<\/p>\n<p><b>\u00a0<\/b><\/p>\n<p>&nbsp;<\/p>\n<p><b>Wyprodukowano w Unii Europejskiej.<\/b><\/p>\n","protected":false},"excerpt":{"rendered":"<p>&nbsp;<\/p>\n<p>&nbsp;<\/p>\n","protected":false},"featured_media":19728,"template":"","meta":[],"product_cat":[785,197],"product_tag":[2174,2113,617],"_links":{"self":[{"href":"https:\/\/sklep.nowyork.pl\/index.php\/wp-json\/wp\/v2\/product\/19727"}],"collection":[{"href":"https:\/\/sklep.nowyork.pl\/index.php\/wp-json\/wp\/v2\/product"}],"about":[{"href":"https:\/\/sklep.nowyork.pl\/index.php\/wp-json\/wp\/v2\/types\/product"}],"wp:featuredmedia":[{"embeddable":true,"href":"https:\/\/sklep.nowyork.pl\/index.php\/wp-json\/wp\/v2\/media\/19728"}],"wp:attachment":[{"href":"https:\/\/sklep.nowyork.pl\/index.php\/wp-json\/wp\/v2\/media?parent=19727"}],"wp:term":[{"taxonomy":"product_cat","embeddable":true,"href":"https:\/\/sklep.nowyork.pl\/index.php\/wp-json\/wp\/v2\/product_cat?post=19727"},{"taxonomy":"product_tag","embeddable":true,"href":"https:\/\/sklep.nowyork.pl\/index.php\/wp-json\/wp\/v2\/product_tag?post=19727"}],"curies":[{"name":"wp","href":"https:\/\/api.w.org\/{rel}","templated":true}]}}